{"id":4271,"date":"2026-01-27T13:53:01","date_gmt":"2026-01-27T12:53:01","guid":{"rendered":"https:\/\/retextilglobal.com\/politica-de-protecao-de-dados-pessoais\/"},"modified":"2026-05-13T13:15:24","modified_gmt":"2026-05-13T11:15:24","slug":"politica-de-protecao-de-dados-pessoais","status":"publish","type":"page","link":"https:\/\/retextilglobal.com\/pt-pt\/politica-de-protecao-de-dados-pessoais\/","title":{"rendered":"Pol\u00edtica de prote\u00e7\u00e3o de dados pessoais"},"content":{"rendered":"\t\t<div data-elementor-type=\"wp-page\" data-elementor-id=\"4271\" class=\"elementor elementor-4271 elementor-3\" data-elementor-post-type=\"page\">\n\t\t\t\t<div class=\"elementor-element elementor-element-5912eeb0 e-flex e-con-boxed e-con e-parent\" data-id=\"5912eeb0\" data-element_type=\"container\" data-e-type=\"container\">\n\t\t\t\t\t<div class=\"e-con-inner\">\n\t\t\t\t<div class=\"elementor-element elementor-element-3c68118a elementor-widget elementor-widget-text-editor\" data-id=\"3c68118a\" data-element_type=\"widget\" data-e-type=\"widget\" data-widget_type=\"text-editor.default\">\n\t\t\t\t\t\t\t\t\t<p><\/p><main tabindex=\"-1\" role=\"main\"><\/main><p><\/p>\n<div>\n<div>\n<div><b>Pol\u00edtica de Privacidade<\/b><\/div>\n<p><i>\u00daltima atualiza\u00e7\u00e3o: 24 de abril de 2026<\/i><i><\/i><\/p>\n<p>A Retextil trata os teus dados pessoais no \u00e2mbito da utiliza\u00e7\u00e3o do nosso website e quando nos contactas. Nesta pol\u00edtica de privacidade, podes ler que informa\u00e7\u00f5es recolhemos, como as usamos e que direitos tens. <\/p>\n<p><b>Que informa\u00e7\u00f5es recolhemos?<\/b><\/p>\n<p>S\u00f3 recolhemos dados pessoais quando \u00e9 relevante. Por exemplo: <\/p>\n<ul>\n<li>nome, e-mail e n\u00famero de telefone<\/li>\n<li>informa\u00e7\u00f5es que tu pr\u00f3prio(a) forneces em formul\u00e1rios de contacto ou e-mails<\/li>\n<li>informa\u00e7\u00f5es t\u00e9cnicas como endere\u00e7o IP e navegador (atrav\u00e9s de cookies)<\/li>\n<\/ul>\n<p><b>Como usamos as tuas informa\u00e7\u00f5es?<\/b><\/p>\n<p>Usamos as tuas informa\u00e7\u00f5es para:<\/p>\n<ul>\n<li>responder a pedidos de contacto<\/li>\n<li>celebrar e acompanhar colabora\u00e7\u00f5es<\/li>\n<li>melhorar o nosso website e a experi\u00eancia do utilizador<\/li>\n<li>cumprir a legisla\u00e7\u00e3o<\/li>\n<\/ul>\n<p>N\u00e3o usamos as tuas informa\u00e7\u00f5es para marketing desnecess\u00e1rio.<\/p>\n<p><b>Partilha de informa\u00e7\u00f5es<\/b><\/p>\n<p>S\u00f3 partilhamos as tuas informa\u00e7\u00f5es quando \u00e9 necess\u00e1rio, por exemplo com:<\/p>\n<ul>\n<li>fornecedores que operam e fazem a manuten\u00e7\u00e3o do nosso website<\/li>\n<li>parceiros no \u00e2mbito de projetos espec\u00edficos<\/li>\n<li>autoridades p\u00fablicas, quando exigido por lei<\/li>\n<\/ul>\n<p>Todos os parceiros s\u00e3o obrigados a tratar as informa\u00e7\u00f5es de forma confidencial.<\/p>\n<p><b>Conserva\u00e7\u00e3o das informa\u00e7\u00f5es<\/b><\/p>\n<p>Conservamos as tuas informa\u00e7\u00f5es durante o tempo necess\u00e1rio para a finalidade para a qual foram recolhidas \u2014 e de acordo com a legisla\u00e7\u00e3o aplic\u00e1vel.<\/p>\n<p><b>Os teus direitos<\/b><\/p>\n<p>Tens direito a:<\/p>\n<ul>\n<li>aceder \u00e0s informa\u00e7\u00f5es que temos sobre ti<\/li>\n<li>corrigir ou eliminar informa\u00e7\u00f5es<\/li>\n<li>opor-te ao tratamento<\/li>\n<li>receber uma c\u00f3pia das tuas informa\u00e7\u00f5es<\/li>\n<\/ul>\n<p>Contacta-nos se quiseres exercer os teus direitos.<\/p>\n<p><b>Cookies<\/b><\/p>\n<p>Usamos cookies para analisar o tr\u00e1fego e melhorar a experi\u00eancia do utilizador. Podes, a qualquer momento, alterar ou retirar o teu consentimento atrav\u00e9s das defini\u00e7\u00f5es do teu navegador. <\/p>\n<p><b>Seguran\u00e7a<\/b><\/p>\n<p>Protegemos as tuas informa\u00e7\u00f5es com medidas t\u00e9cnicas e organizacionais adequadas.<br\/>No entanto, tem em conta que nenhuma solu\u00e7\u00e3o digital \u00e9 100 % segura.<\/p>\n<p><b>Altera\u00e7\u00f5es<\/b><\/p>\n<p>Podemos atualizar esta pol\u00edtica de privacidade periodicamente. A vers\u00e3o mais recente estar\u00e1 sempre dispon\u00edvel nesta p\u00e1gina. <\/p>\n<p><b>Contacto<\/b><\/p>\n<p>Se tiveres d\u00favidas sobre o nosso tratamento de dados pessoais, podes contactar-nos:<\/p>\n<p>Retextil<br\/>Venusvej 25<br\/>6000 Kolding<br\/>E-mail: <a href=\"mailto:lb@retextil.dk\" target=\"_blank\" rel=\"noopener\">lb@retextil.dk<\/a><\/p>\n<p>A Retextil \u00e9 a respons\u00e1vel pelo tratamento dos teus dados pessoais.<\/p>\n<\/div>\n<\/div>\t\t\t\t\t\t\t\t<\/div>\n\t\t\t\t\t<\/div>\n\t\t\t\t<\/div>\n\t\t\t\t<\/div>\n\t\t","protected":false},"excerpt":{"rendered":"<p>Pol\u00edtica de Privacidade \u00daltima atualiza\u00e7\u00e3o: 24 de abril de 2026 A Retextil trata os teus dados pessoais no \u00e2mbito da [&hellip;]<\/p>\n","protected":false},"author":1,"featured_media":0,"parent":0,"menu_order":0,"comment_status":"closed","ping_status":"open","template":"","meta":{"site-sidebar-layout":"default","site-content-layout":"","ast-site-content-layout":"default","site-content-style":"default","site-sidebar-style":"default","ast-global-header-display":"","ast-banner-title-visibility":"","ast-main-header-display":"","ast-hfb-above-header-display":"","ast-hfb-below-header-display":"","ast-hfb-mobile-header-display":"","site-post-title":"","ast-breadcrumbs-content":"","ast-featured-img":"","footer-sml-layout":"","ast-disable-related-posts":"","theme-transparent-header-meta":"","adv-header-id-meta":"","stick-header-meta":"","header-above-stick-meta":"","header-main-stick-meta":"","header-below-stick-meta":"","astra-migrate-meta-layouts":"default","ast-page-background-enabled":"default","ast-page-background-meta":{"desktop":{"background-color":"var(--ast-global-color-5)","background-image":"","background-repeat":"repeat","background-position":"center center","background-size":"auto","background-attachment":"scroll","background-type":"","background-media":"","overlay-type":"","overlay-color":"","overlay-opacity":"","overlay-gradient":""},"tablet":{"background-color":"","background-image":"","background-repeat":"repeat","background-position":"center center","background-size":"auto","background-attachment":"scroll","background-type":"","background-media":"","overlay-type":"","overlay-color":"","overlay-opacity":"","overlay-gradient":""},"mobile":{"background-color":"","background-image":"","background-repeat":"repeat","background-position":"center center","background-size":"auto","background-attachment":"scroll","background-type":"","background-media":"","overlay-type":"","overlay-color":"","overlay-opacity":"","overlay-gradient":""}},"ast-content-background-meta":{"desktop":{"background-color":"var(--ast-global-color-4)","background-image":"","background-repeat":"repeat","background-position":"center center","background-size":"auto","background-attachment":"scroll","background-type":"","background-media":"","overlay-type":"","overlay-color":"","overlay-opacity":"","overlay-gradient":""},"tablet":{"background-color":"var(--ast-global-color-4)","background-image":"","background-repeat":"repeat","background-position":"center center","background-size":"auto","background-attachment":"scroll","background-type":"","background-media":"","overlay-type":"","overlay-color":"","overlay-opacity":"","overlay-gradient":""},"mobile":{"background-color":"var(--ast-global-color-4)","background-image":"","background-repeat":"repeat","background-position":"center center","background-size":"auto","background-attachment":"scroll","background-type":"","background-media":"","overlay-type":"","overlay-color":"","overlay-opacity":"","overlay-gradient":""}},"footnotes":""},"class_list":["post-4271","page","type-page","status-publish","hentry"],"yoast_head":"<!-- This site is optimized with the Yoast SEO plugin v27.5 - https:\/\/yoast.com\/product\/yoast-seo-wordpress\/ -->\n<title>Pol\u00edtica de prote\u00e7\u00e3o de dados pessoais - RETEXTIL Global ApS<\/title>\n<meta name=\"robots\" content=\"index, follow, max-snippet:-1, max-image-preview:large, max-video-preview:-1\" \/>\n<link rel=\"canonical\" href=\"https:\/\/retextilglobal.com\/pt-pt\/politica-de-protecao-de-dados-pessoais\/\" \/>\n<meta property=\"og:locale\" content=\"pt_PT\" \/>\n<meta property=\"og:type\" content=\"article\" \/>\n<meta property=\"og:title\" content=\"Pol\u00edtica de prote\u00e7\u00e3o de dados pessoais - RETEXTIL Global ApS\" \/>\n<meta property=\"og:description\" content=\"Pol\u00edtica de Privacidade \u00daltima atualiza\u00e7\u00e3o: 24 de abril de 2026 A Retextil trata os teus dados pessoais no \u00e2mbito da [&hellip;]\" \/>\n<meta property=\"og:url\" content=\"https:\/\/retextilglobal.com\/pt-pt\/politica-de-protecao-de-dados-pessoais\/\" \/>\n<meta property=\"og:site_name\" content=\"RETEXTIL Global ApS\" \/>\n<meta property=\"article:modified_time\" content=\"2026-05-13T11:15:24+00:00\" \/>\n<meta name=\"twitter:card\" content=\"summary_large_image\" \/>\n<meta name=\"twitter:label1\" content=\"Tempo estimado de leitura\" \/>\n\t<meta name=\"twitter:data1\" content=\"2 minutos\" \/>\n<script type=\"application\/ld+json\" class=\"yoast-schema-graph\">{\"@context\":\"https:\\\/\\\/schema.org\",\"@graph\":[{\"@type\":\"WebPage\",\"@id\":\"https:\\\/\\\/retextilglobal.com\\\/pt-pt\\\/politica-de-protecao-de-dados-pessoais\\\/\",\"url\":\"https:\\\/\\\/retextilglobal.com\\\/pt-pt\\\/politica-de-protecao-de-dados-pessoais\\\/\",\"name\":\"Pol\u00edtica de prote\u00e7\u00e3o de dados pessoais - RETEXTIL Global ApS\",\"isPartOf\":{\"@id\":\"https:\\\/\\\/retextilglobal.com\\\/pt-pt\\\/#website\"},\"datePublished\":\"2026-01-27T12:53:01+00:00\",\"dateModified\":\"2026-05-13T11:15:24+00:00\",\"breadcrumb\":{\"@id\":\"https:\\\/\\\/retextilglobal.com\\\/pt-pt\\\/politica-de-protecao-de-dados-pessoais\\\/#breadcrumb\"},\"inLanguage\":\"pt-PT\",\"potentialAction\":[{\"@type\":\"ReadAction\",\"target\":[\"https:\\\/\\\/retextilglobal.com\\\/pt-pt\\\/politica-de-protecao-de-dados-pessoais\\\/\"]}]},{\"@type\":\"BreadcrumbList\",\"@id\":\"https:\\\/\\\/retextilglobal.com\\\/pt-pt\\\/politica-de-protecao-de-dados-pessoais\\\/#breadcrumb\",\"itemListElement\":[{\"@type\":\"ListItem\",\"position\":1,\"name\":\"Hjem\",\"item\":\"https:\\\/\\\/retextilglobal.com\\\/pt-pt\\\/inicio\\\/\"},{\"@type\":\"ListItem\",\"position\":2,\"name\":\"Pol\u00edtica de prote\u00e7\u00e3o de dados pessoais\"}]},{\"@type\":\"WebSite\",\"@id\":\"https:\\\/\\\/retextilglobal.com\\\/pt-pt\\\/#website\",\"url\":\"https:\\\/\\\/retextilglobal.com\\\/pt-pt\\\/\",\"name\":\"RETEXTIL Global ApS\",\"description\":\"\",\"publisher\":{\"@id\":\"https:\\\/\\\/retextilglobal.com\\\/pt-pt\\\/#organization\"},\"potentialAction\":[{\"@type\":\"SearchAction\",\"target\":{\"@type\":\"EntryPoint\",\"urlTemplate\":\"https:\\\/\\\/retextilglobal.com\\\/pt-pt\\\/?s={search_term_string}\"},\"query-input\":{\"@type\":\"PropertyValueSpecification\",\"valueRequired\":true,\"valueName\":\"search_term_string\"}}],\"inLanguage\":\"pt-PT\"},{\"@type\":\"Organization\",\"@id\":\"https:\\\/\\\/retextilglobal.com\\\/pt-pt\\\/#organization\",\"name\":\"RETEXTIL Global ApS\",\"url\":\"https:\\\/\\\/retextilglobal.com\\\/pt-pt\\\/\",\"logo\":{\"@type\":\"ImageObject\",\"inLanguage\":\"pt-PT\",\"@id\":\"https:\\\/\\\/retextilglobal.com\\\/pt-pt\\\/#\\\/schema\\\/logo\\\/image\\\/\",\"url\":\"https:\\\/\\\/retextilglobal.com\\\/wp-content\\\/uploads\\\/2026\\\/02\\\/Logo.svg\",\"contentUrl\":\"https:\\\/\\\/retextilglobal.com\\\/wp-content\\\/uploads\\\/2026\\\/02\\\/Logo.svg\",\"width\":209,\"height\":47,\"caption\":\"RETEXTIL Global ApS\"},\"image\":{\"@id\":\"https:\\\/\\\/retextilglobal.com\\\/pt-pt\\\/#\\\/schema\\\/logo\\\/image\\\/\"}}]}<\/script>\n<!-- \/ Yoast SEO plugin. -->","yoast_head_json":{"title":"Pol\u00edtica de prote\u00e7\u00e3o de dados pessoais - RETEXTIL Global ApS","robots":{"index":"index","follow":"follow","max-snippet":"max-snippet:-1","max-image-preview":"max-image-preview:large","max-video-preview":"max-video-preview:-1"},"canonical":"https:\/\/retextilglobal.com\/pt-pt\/politica-de-protecao-de-dados-pessoais\/","og_locale":"pt_PT","og_type":"article","og_title":"Pol\u00edtica de prote\u00e7\u00e3o de dados pessoais - RETEXTIL Global ApS","og_description":"Pol\u00edtica de Privacidade \u00daltima atualiza\u00e7\u00e3o: 24 de abril de 2026 A Retextil trata os teus dados pessoais no \u00e2mbito da [&hellip;]","og_url":"https:\/\/retextilglobal.com\/pt-pt\/politica-de-protecao-de-dados-pessoais\/","og_site_name":"RETEXTIL Global ApS","article_modified_time":"2026-05-13T11:15:24+00:00","twitter_card":"summary_large_image","twitter_misc":{"Tempo estimado de leitura":"2 minutos"},"schema":{"@context":"https:\/\/schema.org","@graph":[{"@type":"WebPage","@id":"https:\/\/retextilglobal.com\/pt-pt\/politica-de-protecao-de-dados-pessoais\/","url":"https:\/\/retextilglobal.com\/pt-pt\/politica-de-protecao-de-dados-pessoais\/","name":"Pol\u00edtica de prote\u00e7\u00e3o de dados pessoais - RETEXTIL Global ApS","isPartOf":{"@id":"https:\/\/retextilglobal.com\/pt-pt\/#website"},"datePublished":"2026-01-27T12:53:01+00:00","dateModified":"2026-05-13T11:15:24+00:00","breadcrumb":{"@id":"https:\/\/retextilglobal.com\/pt-pt\/politica-de-protecao-de-dados-pessoais\/#breadcrumb"},"inLanguage":"pt-PT","potentialAction":[{"@type":"ReadAction","target":["https:\/\/retextilglobal.com\/pt-pt\/politica-de-protecao-de-dados-pessoais\/"]}]},{"@type":"BreadcrumbList","@id":"https:\/\/retextilglobal.com\/pt-pt\/politica-de-protecao-de-dados-pessoais\/#breadcrumb","itemListElement":[{"@type":"ListItem","position":1,"name":"Hjem","item":"https:\/\/retextilglobal.com\/pt-pt\/inicio\/"},{"@type":"ListItem","position":2,"name":"Pol\u00edtica de prote\u00e7\u00e3o de dados pessoais"}]},{"@type":"WebSite","@id":"https:\/\/retextilglobal.com\/pt-pt\/#website","url":"https:\/\/retextilglobal.com\/pt-pt\/","name":"RETEXTIL Global ApS","description":"","publisher":{"@id":"https:\/\/retextilglobal.com\/pt-pt\/#organization"},"potentialAction":[{"@type":"SearchAction","target":{"@type":"EntryPoint","urlTemplate":"https:\/\/retextilglobal.com\/pt-pt\/?s={search_term_string}"},"query-input":{"@type":"PropertyValueSpecification","valueRequired":true,"valueName":"search_term_string"}}],"inLanguage":"pt-PT"},{"@type":"Organization","@id":"https:\/\/retextilglobal.com\/pt-pt\/#organization","name":"RETEXTIL Global ApS","url":"https:\/\/retextilglobal.com\/pt-pt\/","logo":{"@type":"ImageObject","inLanguage":"pt-PT","@id":"https:\/\/retextilglobal.com\/pt-pt\/#\/schema\/logo\/image\/","url":"https:\/\/retextilglobal.com\/wp-content\/uploads\/2026\/02\/Logo.svg","contentUrl":"https:\/\/retextilglobal.com\/wp-content\/uploads\/2026\/02\/Logo.svg","width":209,"height":47,"caption":"RETEXTIL Global ApS"},"image":{"@id":"https:\/\/retextilglobal.com\/pt-pt\/#\/schema\/logo\/image\/"}}]}},"_links":{"self":[{"href":"https:\/\/retextilglobal.com\/pt-pt\/wp-json\/wp\/v2\/pages\/4271","targetHints":{"allow":["GET"]}}],"collection":[{"href":"https:\/\/retextilglobal.com\/pt-pt\/wp-json\/wp\/v2\/pages"}],"about":[{"href":"https:\/\/retextilglobal.com\/pt-pt\/wp-json\/wp\/v2\/types\/page"}],"author":[{"embeddable":true,"href":"https:\/\/retextilglobal.com\/pt-pt\/wp-json\/wp\/v2\/users\/1"}],"replies":[{"embeddable":true,"href":"https:\/\/retextilglobal.com\/pt-pt\/wp-json\/wp\/v2\/comments?post=4271"}],"version-history":[{"count":1,"href":"https:\/\/retextilglobal.com\/pt-pt\/wp-json\/wp\/v2\/pages\/4271\/revisions"}],"predecessor-version":[{"id":4273,"href":"https:\/\/retextilglobal.com\/pt-pt\/wp-json\/wp\/v2\/pages\/4271\/revisions\/4273"}],"wp:attachment":[{"href":"https:\/\/retextilglobal.com\/pt-pt\/wp-json\/wp\/v2\/media?parent=4271"}],"curies":[{"name":"wp","href":"https:\/\/api.w.org\/{rel}","templated":true}]}}